{"id":7853,"date":"2024-11-11T14:02:32","date_gmt":"2024-11-11T12:02:32","guid":{"rendered":"https:\/\/niroxx.io\/smart-city\/"},"modified":"2025-07-21T10:45:47","modified_gmt":"2025-07-21T08:45:47","slug":"smart-city","status":"publish","type":"page","link":"https:\/\/niroxx.io\/de\/smart-city\/","title":{"rendered":"Smart City"},"content":{"rendered":"\n<style type=\"text\/css\" data-created_by=\"avia_inline_auto\" id=\"style-css-av-m4pua7se-f11d6f8cc61b98f4c859cab8c9066ac4\">\n.avia-section.av-m4pua7se-f11d6f8cc61b98f4c859cab8c9066ac4 .av-parallax .av-parallax-inner{\nbackground-repeat:no-repeat;\nbackground-image:url(https:\/\/niroxx.io\/wp-content\/uploads\/2024\/12\/niroxx-iot-engineering.png);\nbackground-position:50% 0%;\nbackground-attachment:scroll;\n}\n<\/style>\n<div id='av_section_1'  class='avia-section av-m4pua7se-f11d6f8cc61b98f4c859cab8c9066ac4 main_color avia-section-default avia-no-border-styling  avia-builder-el-0  el_before_av_one_full  avia-builder-el-first  av-parallax-section avia-bg-style-parallax av-minimum-height av-minimum-height-100 av-height-100  container_wrap fullsize'  data-section-bg-repeat='no-repeat' data-av_minimum_height_pc='100' data-av_min_height_opt='100'><div class='av-parallax' data-avia-parallax-ratio='0.3' ><div class='av-parallax-inner main_color avia-full-stretch'><\/div><\/div><div class='container av-section-cont-open' ><main  role=\"main\" itemprop=\"mainContentOfPage\"  class='template-page content  av-content-full alpha units'><div class='post-entry post-entry-type-page post-entry-7853'><div class='entry-content-wrapper clearfix'><\/div><\/div><\/main><!-- close content main element --><\/div><\/div><div id='after_section_1'  class='main_color av_default_container_wrap container_wrap fullsize'  ><div class='container av-section-cont-open' ><div class='template-page content  av-content-full alpha units'><div class='post-entry post-entry-type-page post-entry-7853'><div class='entry-content-wrapper clearfix'>\n<div  class='flex_column av-26qieu-c3c0247a5c18243c84f1359eba8318ce av_one_full  avia-builder-el-1  el_after_av_section  avia-builder-el-no-sibling  first flex_column_div  '     ><section  class='av_textblock_section av-m3cz4d9s-8e26d37465cd715c6ee3c0d360544561 '   itemscope=\"itemscope\" itemtype=\"https:\/\/schema.org\/CreativeWork\" ><div class='avia_textblock'  itemprop=\"text\" ><h1><strong>Smart City-L\u00f6sungen f\u00fcr eine moderne und nachhaltige urbane Umgebung<\/strong><\/h1>\n<p>Verwandeln Sie Ihre Stadt mit unseren innovativen Smart City-L\u00f6sungen in einen intelligenteren und nachhaltigeren Lebensraum. Von LED-Handl\u00e4ufen und Solar-B\u00e4nken bis hin zu vernetztem Stadtmobiliar \u2013 unsere Produkte verbessern die Lebensqualit\u00e4t in urbanen Gebieten. Profitieren Sie von mehr Sicherheit, Nachhaltigkeit und intelligenten Daten f\u00fcr die Stadtplanung, damit Ihre Stadt in einer vernetzten und ressourceneffizienten Umgebung florieren kann.  <\/p>\n<h3>LED-Handl\u00e4ufe f\u00fcr intelligente urbane Beleuchtung<\/h3>\n<p>Unsere <a href=\"https:\/\/niroxx.io\/de\/led-handlauf\/\" target=\"_blank\" rel=\"noopener\">LED-Handl\u00e4ufe<\/a> sind eine optimale Smart Urban-L\u00f6sung und bieten weit mehr als nur Beleuchtung. Mit integrierten Sensoren ausgestattet, erfassen sie in Echtzeit Daten zu <strong>Luftqualit\u00e4t<\/strong>, <strong>Temperatur <\/strong>und <strong>Fu\u00dfg\u00e4ngerstr\u00f6men<\/strong>. Diese wertvollen Erkenntnisse unterst\u00fctzen eine effizientere Stadtplanung und erh\u00f6hen die urbane Sicherheit. Die multifunktionalen LED-Handl\u00e4ufe erm\u00f6glichen <strong>intelligente Beleuchtung<\/strong> und er\u00f6ffnen datenbasierte M\u00f6glichkeiten f\u00fcr <strong>Verkehrsmanagement <\/strong>und <strong>Luftqualit\u00e4ts\u00fcberwachung <\/strong>in Ihrer Smart City.   <\/p>\n<h3>Solarb\u00e4nke \u2013 Energieeffizientes Mobiliar f\u00fcr <a href=\"https:\/\/en.wikipedia.org\/wiki\/Public_space\" target=\"_blank\" rel=\"noopener\">\u00f6ffentliche R\u00e4ume<\/a><\/h3>\n<p>Unsere Solarb\u00e4nke bieten nachhaltige Sitzm\u00f6glichkeiten mit integrierter <strong>Solartechnologie<\/strong>. Sie erzeugen umweltfreundliche Energie und verf\u00fcgen \u00fcber praktische Funktionen wie <strong>USB-Ladeanschl\u00fcsse<\/strong> und <strong>WLAN-Hotspots<\/strong>. Diese autonomen M\u00f6belst\u00fccke schaffen <strong>energieeffiziente Treffpunkte <\/strong>und helfen, die Energiekosten st\u00e4dtischer Projekte zu senken. Solarb\u00e4nke vereinen umweltfreundliche Technologie mit praktischen Anwendungen und tragen zur <strong>CO\u2082-Reduktion<\/strong> bei.   <\/p>\n<h3>Intelligentes Stadtmobiliar \u2013 Effiziente L\u00f6sungen f\u00fcr vernetzte St\u00e4dte<\/h3>\n<p>Erweitern Sie Ihre st\u00e4dtische Infrastruktur mit zus\u00e4tzlichem <strong>intelligentem Stadtmobiliar<\/strong>. Von interaktiven Informationss\u00e4ulen bis hin zu beleuchteten Sitzm\u00f6glichkeiten \u2013 diese L\u00f6sungen werten \u00f6ffentliche R\u00e4ume auf und machen Ihre Stadt einladender. Mit Funktionen wie <strong>Beleuchtung <\/strong>und <strong>Ladem\u00f6glichkeiten <\/strong>dient intelligentes Stadtmobiliar als flexibles und vielseitiges Element jeder Smart City.  <\/p>\n<h3>Vorteile von Smart City-L\u00f6sungen:<img loading=\"lazy\" decoding=\"async\" class=\"size-medium wp-image-6984 alignleft\" src=\"https:\/\/niroxx.io\/wp-content\/uploads\/2024\/11\/smart-city-furniture-solar-niroxx-239x300.jpg\" alt=\"Smart City-Mobiliar\" width=\"239\" height=\"300\" srcset=\"https:\/\/niroxx.io\/wp-content\/uploads\/2024\/11\/smart-city-furniture-solar-niroxx-239x300.jpg 239w, https:\/\/niroxx.io\/wp-content\/uploads\/2024\/11\/smart-city-furniture-solar-niroxx-821x1030.jpg 821w, https:\/\/niroxx.io\/wp-content\/uploads\/2024\/11\/smart-city-furniture-solar-niroxx-768x963.jpg 768w, https:\/\/niroxx.io\/wp-content\/uploads\/2024\/11\/smart-city-furniture-solar-niroxx-562x705.jpg 562w, https:\/\/niroxx.io\/wp-content\/uploads\/2024\/11\/smart-city-furniture-solar-niroxx-450x564.jpg 450w, https:\/\/niroxx.io\/wp-content\/uploads\/2024\/11\/smart-city-furniture-solar-niroxx-600x753.jpg 600w, https:\/\/niroxx.io\/wp-content\/uploads\/2024\/11\/smart-city-furniture-solar-niroxx.jpg 912w\" sizes=\"auto, (max-width: 239px) 100vw, 239px\" \/><\/h3>\n<ul>\n<li><strong>Erh\u00f6hte Sicherheit: <\/strong>LED-Handl\u00e4ufe und Sensoren verbessern die \u00dcberwachung und Sicherheit in \u00f6ffentlichen R\u00e4umen.<\/li>\n<li><strong>Nachhaltigkeit<\/strong>: Solarbetriebene L\u00f6sungen und energieeffizientes Stadtmobiliar schonen Ressourcen und senken die Betriebskosten.<\/li>\n<li><strong>Verbesserte \u00f6ffentliche Erfahrung:<\/strong> Intelligentes Mobiliar erh\u00f6ht den Komfort und bietet praktische Funktionen f\u00fcr sowohl Bewohner als auch Besucher.<\/li>\n<li><strong>Effiziente Stadtplanung:<\/strong> Echtzeit-Daten unterst\u00fctzen das Stadtmanagement bei flexibler, datengest\u00fctzter Planung und Anpassung.<\/li>\n<\/ul>\n<p>Machen Sie Ihre Stadt zukunftssicher mit unseren nachhaltigen und intelligenten Smart City-L\u00f6sungen, die st\u00e4dtische R\u00e4ume optimieren und Ihre Stadt in eine vernetzte und lebenswerte Umgebung verwandeln.<\/p>\n<p>Nehmen Sie Kontakt mit uns auf.<\/p>\n<\/div><\/section><\/div>\n","protected":false},"excerpt":{"rendered":"","protected":false},"author":1,"featured_media":0,"parent":0,"menu_order":0,"comment_status":"closed","ping_status":"closed","template":"","meta":{"footnotes":""},"class_list":["post-7853","page","type-page","status-publish","hentry"],"yoast_head":"<!-- This site is optimized with the Yoast SEO plugin v25.7 - https:\/\/yoast.com\/wordpress\/plugins\/seo\/ -->\n<title>Smart City - NIROXX<\/title>\n<meta name=\"description\" content=\"Smart City mit NIROXX Engineering \u2013 Integration f\u00fcr moderne urbane Infrastruktur. Innovative L\u00f6sungen f\u00fcr IoT-verbundene Beleuchtung.\" \/>\n<meta name=\"robots\" content=\"index, follow, max-snippet:-1, max-image-preview:large, max-video-preview:-1\" \/>\n<link rel=\"canonical\" href=\"https:\/\/niroxx.io\/de\/smart-city\/\" \/>\n<meta property=\"og:locale\" content=\"de_DE\" \/>\n<meta property=\"og:type\" content=\"article\" \/>\n<meta property=\"og:title\" content=\"Smart City - NIROXX\" \/>\n<meta property=\"og:description\" content=\"Smart City mit NIROXX Engineering \u2013 Integration f\u00fcr moderne urbane Infrastruktur. Innovative L\u00f6sungen f\u00fcr IoT-verbundene Beleuchtung.\" \/>\n<meta property=\"og:url\" content=\"https:\/\/niroxx.io\/de\/smart-city\/\" \/>\n<meta property=\"og:site_name\" content=\"NIROXX\" \/>\n<meta property=\"article:modified_time\" content=\"2025-07-21T08:45:47+00:00\" \/>\n<meta property=\"og:image\" content=\"https:\/\/niroxx.io\/wp-content\/uploads\/2024\/11\/smart-city-furniture-solar-niroxx.jpg\" \/>\n\t<meta property=\"og:image:width\" content=\"912\" \/>\n\t<meta property=\"og:image:height\" content=\"1144\" \/>\n\t<meta property=\"og:image:type\" content=\"image\/jpeg\" \/>\n<meta name=\"twitter:card\" content=\"summary_large_image\" \/>\n<meta name=\"twitter:label1\" content=\"Gesch\u00e4tzte Lesezeit\" \/>\n\t<meta name=\"twitter:data1\" content=\"6\u00a0Minuten\" \/>\n<script type=\"application\/ld+json\" class=\"yoast-schema-graph\">{\"@context\":\"https:\/\/schema.org\",\"@graph\":[{\"@type\":\"WebPage\",\"@id\":\"https:\/\/niroxx.io\/de\/smart-city\/\",\"url\":\"https:\/\/niroxx.io\/de\/smart-city\/\",\"name\":\"Smart City - NIROXX\",\"isPartOf\":{\"@id\":\"https:\/\/niroxx.io\/de\/#website\"},\"primaryImageOfPage\":{\"@id\":\"https:\/\/niroxx.io\/de\/smart-city\/#primaryimage\"},\"image\":{\"@id\":\"https:\/\/niroxx.io\/de\/smart-city\/#primaryimage\"},\"thumbnailUrl\":\"https:\/\/niroxx.io\/wp-content\/uploads\/2024\/11\/smart-city-furniture-solar-niroxx-239x300.jpg\",\"datePublished\":\"2024-11-11T12:02:32+00:00\",\"dateModified\":\"2025-07-21T08:45:47+00:00\",\"description\":\"Smart City mit NIROXX Engineering \u2013 Integration f\u00fcr moderne urbane Infrastruktur. Innovative L\u00f6sungen f\u00fcr IoT-verbundene Beleuchtung.\",\"breadcrumb\":{\"@id\":\"https:\/\/niroxx.io\/de\/smart-city\/#breadcrumb\"},\"inLanguage\":\"de\",\"potentialAction\":[{\"@type\":\"ReadAction\",\"target\":[\"https:\/\/niroxx.io\/de\/smart-city\/\"]}]},{\"@type\":\"ImageObject\",\"inLanguage\":\"de\",\"@id\":\"https:\/\/niroxx.io\/de\/smart-city\/#primaryimage\",\"url\":\"https:\/\/niroxx.io\/wp-content\/uploads\/2024\/11\/smart-city-furniture-solar-niroxx-239x300.jpg\",\"contentUrl\":\"https:\/\/niroxx.io\/wp-content\/uploads\/2024\/11\/smart-city-furniture-solar-niroxx-239x300.jpg\"},{\"@type\":\"BreadcrumbList\",\"@id\":\"https:\/\/niroxx.io\/de\/smart-city\/#breadcrumb\",\"itemListElement\":[{\"@type\":\"ListItem\",\"position\":1,\"name\":\"Home\",\"item\":\"https:\/\/niroxx.io\/de\/home\/\"},{\"@type\":\"ListItem\",\"position\":2,\"name\":\"Smart City\"}]},{\"@type\":\"WebSite\",\"@id\":\"https:\/\/niroxx.io\/de\/#website\",\"url\":\"https:\/\/niroxx.io\/de\/\",\"name\":\"NIROXX Engineering - best interdisciplinary Mechanical Engineering Services\",\"description\":\"NIROXX - Mechanical Engineering\",\"publisher\":{\"@id\":\"https:\/\/niroxx.io\/de\/#organization\"},\"potentialAction\":[{\"@type\":\"SearchAction\",\"target\":{\"@type\":\"EntryPoint\",\"urlTemplate\":\"https:\/\/niroxx.io\/de\/?s={search_term_string}\"},\"query-input\":{\"@type\":\"PropertyValueSpecification\",\"valueRequired\":true,\"valueName\":\"search_term_string\"}}],\"inLanguage\":\"de\"},{\"@type\":\"Organization\",\"@id\":\"https:\/\/niroxx.io\/de\/#organization\",\"name\":\"NIROXX Engineering - best interdisciplinary Mechanical Engineering Services\",\"url\":\"https:\/\/niroxx.io\/de\/\",\"logo\":{\"@type\":\"ImageObject\",\"inLanguage\":\"de\",\"@id\":\"https:\/\/niroxx.io\/de\/#\/schema\/logo\/image\/\",\"url\":\"https:\/\/niroxx.io\/wp-content\/uploads\/2024\/09\/niroxx-engineering-logo-325x200-grau.png\",\"contentUrl\":\"https:\/\/niroxx.io\/wp-content\/uploads\/2024\/09\/niroxx-engineering-logo-325x200-grau.png\",\"width\":325,\"height\":200,\"caption\":\"NIROXX Engineering - best interdisciplinary Mechanical Engineering Services\"},\"image\":{\"@id\":\"https:\/\/niroxx.io\/de\/#\/schema\/logo\/image\/\"}}]}<\/script>\n<!-- \/ Yoast SEO plugin. -->","yoast_head_json":{"title":"Smart City - NIROXX","description":"Smart City mit NIROXX Engineering \u2013 Integration f\u00fcr moderne urbane Infrastruktur. Innovative L\u00f6sungen f\u00fcr IoT-verbundene Beleuchtung.","robots":{"index":"index","follow":"follow","max-snippet":"max-snippet:-1","max-image-preview":"max-image-preview:large","max-video-preview":"max-video-preview:-1"},"canonical":"https:\/\/niroxx.io\/de\/smart-city\/","og_locale":"de_DE","og_type":"article","og_title":"Smart City - NIROXX","og_description":"Smart City mit NIROXX Engineering \u2013 Integration f\u00fcr moderne urbane Infrastruktur. Innovative L\u00f6sungen f\u00fcr IoT-verbundene Beleuchtung.","og_url":"https:\/\/niroxx.io\/de\/smart-city\/","og_site_name":"NIROXX","article_modified_time":"2025-07-21T08:45:47+00:00","og_image":[{"width":912,"height":1144,"url":"https:\/\/niroxx.io\/wp-content\/uploads\/2024\/11\/smart-city-furniture-solar-niroxx.jpg","type":"image\/jpeg"}],"twitter_card":"summary_large_image","twitter_misc":{"Gesch\u00e4tzte Lesezeit":"6\u00a0Minuten"},"schema":{"@context":"https:\/\/schema.org","@graph":[{"@type":"WebPage","@id":"https:\/\/niroxx.io\/de\/smart-city\/","url":"https:\/\/niroxx.io\/de\/smart-city\/","name":"Smart City - NIROXX","isPartOf":{"@id":"https:\/\/niroxx.io\/de\/#website"},"primaryImageOfPage":{"@id":"https:\/\/niroxx.io\/de\/smart-city\/#primaryimage"},"image":{"@id":"https:\/\/niroxx.io\/de\/smart-city\/#primaryimage"},"thumbnailUrl":"https:\/\/niroxx.io\/wp-content\/uploads\/2024\/11\/smart-city-furniture-solar-niroxx-239x300.jpg","datePublished":"2024-11-11T12:02:32+00:00","dateModified":"2025-07-21T08:45:47+00:00","description":"Smart City mit NIROXX Engineering \u2013 Integration f\u00fcr moderne urbane Infrastruktur. Innovative L\u00f6sungen f\u00fcr IoT-verbundene Beleuchtung.","breadcrumb":{"@id":"https:\/\/niroxx.io\/de\/smart-city\/#breadcrumb"},"inLanguage":"de","potentialAction":[{"@type":"ReadAction","target":["https:\/\/niroxx.io\/de\/smart-city\/"]}]},{"@type":"ImageObject","inLanguage":"de","@id":"https:\/\/niroxx.io\/de\/smart-city\/#primaryimage","url":"https:\/\/niroxx.io\/wp-content\/uploads\/2024\/11\/smart-city-furniture-solar-niroxx-239x300.jpg","contentUrl":"https:\/\/niroxx.io\/wp-content\/uploads\/2024\/11\/smart-city-furniture-solar-niroxx-239x300.jpg"},{"@type":"BreadcrumbList","@id":"https:\/\/niroxx.io\/de\/smart-city\/#breadcrumb","itemListElement":[{"@type":"ListItem","position":1,"name":"Home","item":"https:\/\/niroxx.io\/de\/home\/"},{"@type":"ListItem","position":2,"name":"Smart City"}]},{"@type":"WebSite","@id":"https:\/\/niroxx.io\/de\/#website","url":"https:\/\/niroxx.io\/de\/","name":"NIROXX Engineering - best interdisciplinary Mechanical Engineering Services","description":"NIROXX - Mechanical Engineering","publisher":{"@id":"https:\/\/niroxx.io\/de\/#organization"},"potentialAction":[{"@type":"SearchAction","target":{"@type":"EntryPoint","urlTemplate":"https:\/\/niroxx.io\/de\/?s={search_term_string}"},"query-input":{"@type":"PropertyValueSpecification","valueRequired":true,"valueName":"search_term_string"}}],"inLanguage":"de"},{"@type":"Organization","@id":"https:\/\/niroxx.io\/de\/#organization","name":"NIROXX Engineering - best interdisciplinary Mechanical Engineering Services","url":"https:\/\/niroxx.io\/de\/","logo":{"@type":"ImageObject","inLanguage":"de","@id":"https:\/\/niroxx.io\/de\/#\/schema\/logo\/image\/","url":"https:\/\/niroxx.io\/wp-content\/uploads\/2024\/09\/niroxx-engineering-logo-325x200-grau.png","contentUrl":"https:\/\/niroxx.io\/wp-content\/uploads\/2024\/09\/niroxx-engineering-logo-325x200-grau.png","width":325,"height":200,"caption":"NIROXX Engineering - best interdisciplinary Mechanical Engineering Services"},"image":{"@id":"https:\/\/niroxx.io\/de\/#\/schema\/logo\/image\/"}}]}},"jetpack_sharing_enabled":true,"_links":{"self":[{"href":"https:\/\/niroxx.io\/de\/wp-json\/wp\/v2\/pages\/7853","targetHints":{"allow":["GET"]}}],"collection":[{"href":"https:\/\/niroxx.io\/de\/wp-json\/wp\/v2\/pages"}],"about":[{"href":"https:\/\/niroxx.io\/de\/wp-json\/wp\/v2\/types\/page"}],"author":[{"embeddable":true,"href":"https:\/\/niroxx.io\/de\/wp-json\/wp\/v2\/users\/1"}],"replies":[{"embeddable":true,"href":"https:\/\/niroxx.io\/de\/wp-json\/wp\/v2\/comments?post=7853"}],"version-history":[{"count":5,"href":"https:\/\/niroxx.io\/de\/wp-json\/wp\/v2\/pages\/7853\/revisions"}],"predecessor-version":[{"id":9463,"href":"https:\/\/niroxx.io\/de\/wp-json\/wp\/v2\/pages\/7853\/revisions\/9463"}],"wp:attachment":[{"href":"https:\/\/niroxx.io\/de\/wp-json\/wp\/v2\/media?parent=7853"}],"curies":[{"name":"wp","href":"https:\/\/api.w.org\/{rel}","templated":true}]}}