{"id":9586,"date":"2025-07-02T07:15:46","date_gmt":"2025-07-02T05:15:46","guid":{"rendered":"https:\/\/niroxx.io\/impressum-niroxx-engineering\/"},"modified":"2025-07-21T11:02:56","modified_gmt":"2025-07-21T09:02:56","slug":"impressum-niroxx-engineering","status":"publish","type":"page","link":"https:\/\/niroxx.io\/de\/impressum-niroxx-engineering\/","title":{"rendered":"Impressum niroxx engineering"},"content":{"rendered":"\n<style type=\"text\/css\" data-created_by=\"avia_inline_auto\" id=\"style-css-av-m4muj5sz-4085225b6216a91750b3922d0f320c9a\">\n.avia-section.av-m4muj5sz-4085225b6216a91750b3922d0f320c9a .av-parallax .av-parallax-inner{\nbackground-repeat:no-repeat;\nbackground-image:url(https:\/\/niroxx.io\/wp-content\/uploads\/2024\/12\/niroxx-drawing.png);\nbackground-position:50% 0%;\nbackground-attachment:scroll;\n}\n.avia-section.av-m4muj5sz-4085225b6216a91750b3922d0f320c9a .av-section-color-overlay{\nopacity:0.9;\nbackground-color:#000000;\n}\n#top .avia-section.av-m4muj5sz-4085225b6216a91750b3922d0f320c9a .scroll-down-link{\ncolor:#00e1ff;\n}\n<\/style>\n<div id='av_section_1'  class='avia-section av-m4muj5sz-4085225b6216a91750b3922d0f320c9a main_color avia-section-default avia-no-border-styling  avia-builder-el-0  avia-builder-el-no-sibling  av-parallax-section avia-bg-style-parallax av-section-color-overlay-active av-minimum-height av-minimum-height-100 av-height-100  container_wrap fullsize'  data-section-bg-repeat='no-repeat' data-av_minimum_height_pc='100' data-av_min_height_opt='100'><div class='av-parallax' data-avia-parallax-ratio='0.3' ><div class='av-parallax-inner main_color avia-full-stretch'><\/div><\/div><div class=\"av-section-color-overlay-wrap\"><div class=\"av-section-color-overlay\"><\/div><a href='#next-section' title='' class='scroll-down-link av-custom-scroll-down-color' aria-hidden='true' data-av_icon='\ue877' data-av_iconfont='entypo-fontello'><\/a><div class='container av-section-cont-open' ><main  role=\"main\" itemprop=\"mainContentOfPage\"  class='template-page content  av-content-full alpha units'><div class='post-entry post-entry-type-page post-entry-9586'><div class='entry-content-wrapper clearfix'>\n\n<style type=\"text\/css\" data-created_by=\"avia_inline_auto\" id=\"style-css-av-2lbwr-f619a2824f8c39d3e717883c60a41f0f\">\n.flex_column.av-2lbwr-f619a2824f8c39d3e717883c60a41f0f{\npadding:0 0 0 50px;\n}\n<\/style>\n<div  class='flex_column av-2lbwr-f619a2824f8c39d3e717883c60a41f0f av_one_half  avia-builder-el-1  avia-builder-el-no-sibling  first flex_column_div  '     ><section  class='av_textblock_section av-lzretg29-37c8aad13fd439e9cc981370f032f52c '   itemscope=\"itemscope\" itemtype=\"https:\/\/schema.org\/CreativeWork\" ><div class='avia_textblock'  itemprop=\"text\" ><h1><strong>Impressum \/ rechtliche Hinweise<\/strong><\/h1>\n<h1><strong>NIROXX engineering ltd.<\/strong><\/h1>\n<p><strong> <br class=\"avia-permanent-lb\">Adresse:<\/strong><\/p>\n<p>NIROXX engineering ltd.<\/p>\n<p>12 Morozow Avenue, Haus Nr. 2<br \/>\n8220 Paphos, Zypern<\/p>\n<hr>\n<p><strong>Vertreten durch:<\/strong><\/p>\n<p>Dipl.-Ing. Alexei Keller<\/p>\n<p>Gesch\u00e4ftsf\u00fchrer<\/p>\n<hr>\n<p><strong>Kontakt:<\/strong><\/p>\n<p>Telefon (CY): +357 99244147<\/p>\n<p>Telefon (DE): +49 17626150383<\/p>\n<p>E-Mail: <a href=\"mailto:info@niroxx.com\">info@niroxx.com<\/a><\/p>\n<p>Website: <a href=\"https:\/\/www.niroxx.com\">https:\/\/www.niroxx.com<\/a><\/p>\n<hr>\n<p><strong>Unternehmensinformationen:<\/strong><br \/>\nEingetragener Sitz: Paphos, Republik Zypern<br \/>\nHandelsregisternummer: HE 464680<br \/>\nUmsatzsteuer-Identifikationsnummer: CY60096432B<\/p>\n<hr>\n<h2><strong>Haftungsausschluss<\/strong><\/h2>\n<p><strong>Haftung f\u00fcr Inhalte:<\/strong><br \/>\nAls Diensteanbieter sind wir gem\u00e4\u00df den allgemeinen Gesetzen f\u00fcr eigene Inhalte auf diesen Seiten verantwortlich. Wir \u00fcbernehmen jedoch keine Gew\u00e4hr f\u00fcr die Richtigkeit, Vollst\u00e4ndigkeit oder Aktualit\u00e4t der bereitgestellten Inhalte. <\/p>\n<p><strong>Haftung f\u00fcr Links:<\/strong><br \/>\nUnsere Website enth\u00e4lt Links zu externen Websites Dritter. Wir haben keinen Einfluss auf den Inhalt dieser Websites und \u00fcbernehmen daher keine Haftung f\u00fcr solche externen Inhalte. F\u00fcr den Inhalt der verlinkten Seiten ist stets der jeweilige Anbieter oder Betreiber verantwortlich.  <\/p>\n<p><strong>Urheberrecht<\/strong><\/p>\n<p>Inhalte und Werke, die von NIROXX Engineering Ltd. auf dieser Website erstellt wurden, unterliegen dem zypriotischen und europ\u00e4ischen Urheberrecht. Jede Vervielf\u00e4ltigung, Bearbeitung, Verbreitung oder Nutzung au\u00dferhalb der Grenzen des Urheberrechts bedarf der vorherigen schriftlichen Zustimmung des jeweiligen Autors oder Erstellers. <\/p>\n<p><strong>Online-Streitbeilegung<\/strong><\/p>\n<p>Die Europ\u00e4ische Kommission stellt eine Plattform zur Online-Streitbeilegung (OS) bereit:<br \/>\n<a href=\"https:\/\/ec.europa.eu\/consumers\/odr\">https:\/\/ec.europa.eu\/consumers\/odr<\/a><br \/>\nWir sind weder verpflichtet noch bereit, an Streitbeilegungsverfahren vor einer Verbraucherschlichtungsstelle teilzunehmen.<\/p>\n<\/div><\/section><\/div>\n","protected":false},"excerpt":{"rendered":"","protected":false},"author":1,"featured_media":0,"parent":0,"menu_order":15,"comment_status":"closed","ping_status":"closed","template":"","meta":{"footnotes":""},"class_list":["post-9586","page","type-page","status-publish","hentry"],"yoast_head":"<!-- This site is optimized with the Yoast SEO plugin v25.7 - https:\/\/yoast.com\/wordpress\/plugins\/seo\/ -->\n<title>Impressum niroxx engineering - NIROXX<\/title>\n<meta name=\"description\" content=\"Niroxx Mechanical Engineering liefert innovative technische L\u00f6sungen und ist spezialisiert auf kundenspezifische mechanische Konstruktionen und Produkte.\" \/>\n<meta name=\"robots\" content=\"index, follow, max-snippet:-1, max-image-preview:large, max-video-preview:-1\" \/>\n<link rel=\"canonical\" href=\"https:\/\/niroxx.io\/de\/impressum-niroxx-engineering\/\" \/>\n<meta property=\"og:locale\" content=\"de_DE\" \/>\n<meta property=\"og:type\" content=\"article\" \/>\n<meta property=\"og:title\" content=\"Impressum niroxx engineering - NIROXX\" \/>\n<meta property=\"og:description\" content=\"Niroxx Mechanical Engineering liefert innovative technische L\u00f6sungen und ist spezialisiert auf kundenspezifische mechanische Konstruktionen und Produkte.\" \/>\n<meta property=\"og:url\" content=\"https:\/\/niroxx.io\/de\/impressum-niroxx-engineering\/\" \/>\n<meta property=\"og:site_name\" content=\"NIROXX\" \/>\n<meta property=\"article:modified_time\" content=\"2025-07-21T09:02:56+00:00\" \/>\n<meta name=\"twitter:card\" content=\"summary_large_image\" \/>\n<meta name=\"twitter:label1\" content=\"Gesch\u00e4tzte Lesezeit\" \/>\n\t<meta name=\"twitter:data1\" content=\"5\u00a0Minuten\" \/>\n<script type=\"application\/ld+json\" class=\"yoast-schema-graph\">{\"@context\":\"https:\/\/schema.org\",\"@graph\":[{\"@type\":\"WebPage\",\"@id\":\"https:\/\/niroxx.io\/de\/impressum-niroxx-engineering\/\",\"url\":\"https:\/\/niroxx.io\/de\/impressum-niroxx-engineering\/\",\"name\":\"Impressum niroxx engineering - NIROXX\",\"isPartOf\":{\"@id\":\"https:\/\/niroxx.io\/de\/#website\"},\"datePublished\":\"2025-07-02T05:15:46+00:00\",\"dateModified\":\"2025-07-21T09:02:56+00:00\",\"description\":\"Niroxx Mechanical Engineering liefert innovative technische L\u00f6sungen und ist spezialisiert auf kundenspezifische mechanische Konstruktionen und Produkte.\",\"breadcrumb\":{\"@id\":\"https:\/\/niroxx.io\/de\/impressum-niroxx-engineering\/#breadcrumb\"},\"inLanguage\":\"de\",\"potentialAction\":[{\"@type\":\"ReadAction\",\"target\":[\"https:\/\/niroxx.io\/de\/impressum-niroxx-engineering\/\"]}]},{\"@type\":\"BreadcrumbList\",\"@id\":\"https:\/\/niroxx.io\/de\/impressum-niroxx-engineering\/#breadcrumb\",\"itemListElement\":[{\"@type\":\"ListItem\",\"position\":1,\"name\":\"Home\",\"item\":\"https:\/\/niroxx.io\/de\/home\/\"},{\"@type\":\"ListItem\",\"position\":2,\"name\":\"Impressum niroxx engineering\"}]},{\"@type\":\"WebSite\",\"@id\":\"https:\/\/niroxx.io\/de\/#website\",\"url\":\"https:\/\/niroxx.io\/de\/\",\"name\":\"NIROXX Engineering - best interdisciplinary Mechanical Engineering Services\",\"description\":\"NIROXX - Mechanical Engineering\",\"publisher\":{\"@id\":\"https:\/\/niroxx.io\/de\/#organization\"},\"potentialAction\":[{\"@type\":\"SearchAction\",\"target\":{\"@type\":\"EntryPoint\",\"urlTemplate\":\"https:\/\/niroxx.io\/de\/?s={search_term_string}\"},\"query-input\":{\"@type\":\"PropertyValueSpecification\",\"valueRequired\":true,\"valueName\":\"search_term_string\"}}],\"inLanguage\":\"de\"},{\"@type\":\"Organization\",\"@id\":\"https:\/\/niroxx.io\/de\/#organization\",\"name\":\"NIROXX Engineering - best interdisciplinary Mechanical Engineering Services\",\"url\":\"https:\/\/niroxx.io\/de\/\",\"logo\":{\"@type\":\"ImageObject\",\"inLanguage\":\"de\",\"@id\":\"https:\/\/niroxx.io\/de\/#\/schema\/logo\/image\/\",\"url\":\"https:\/\/niroxx.io\/wp-content\/uploads\/2024\/09\/niroxx-engineering-logo-325x200-grau.png\",\"contentUrl\":\"https:\/\/niroxx.io\/wp-content\/uploads\/2024\/09\/niroxx-engineering-logo-325x200-grau.png\",\"width\":325,\"height\":200,\"caption\":\"NIROXX Engineering - best interdisciplinary Mechanical Engineering Services\"},\"image\":{\"@id\":\"https:\/\/niroxx.io\/de\/#\/schema\/logo\/image\/\"}}]}<\/script>\n<!-- \/ Yoast SEO plugin. -->","yoast_head_json":{"title":"Impressum niroxx engineering - NIROXX","description":"Niroxx Mechanical Engineering liefert innovative technische L\u00f6sungen und ist spezialisiert auf kundenspezifische mechanische Konstruktionen und Produkte.","robots":{"index":"index","follow":"follow","max-snippet":"max-snippet:-1","max-image-preview":"max-image-preview:large","max-video-preview":"max-video-preview:-1"},"canonical":"https:\/\/niroxx.io\/de\/impressum-niroxx-engineering\/","og_locale":"de_DE","og_type":"article","og_title":"Impressum niroxx engineering - NIROXX","og_description":"Niroxx Mechanical Engineering liefert innovative technische L\u00f6sungen und ist spezialisiert auf kundenspezifische mechanische Konstruktionen und Produkte.","og_url":"https:\/\/niroxx.io\/de\/impressum-niroxx-engineering\/","og_site_name":"NIROXX","article_modified_time":"2025-07-21T09:02:56+00:00","twitter_card":"summary_large_image","twitter_misc":{"Gesch\u00e4tzte Lesezeit":"5\u00a0Minuten"},"schema":{"@context":"https:\/\/schema.org","@graph":[{"@type":"WebPage","@id":"https:\/\/niroxx.io\/de\/impressum-niroxx-engineering\/","url":"https:\/\/niroxx.io\/de\/impressum-niroxx-engineering\/","name":"Impressum niroxx engineering - NIROXX","isPartOf":{"@id":"https:\/\/niroxx.io\/de\/#website"},"datePublished":"2025-07-02T05:15:46+00:00","dateModified":"2025-07-21T09:02:56+00:00","description":"Niroxx Mechanical Engineering liefert innovative technische L\u00f6sungen und ist spezialisiert auf kundenspezifische mechanische Konstruktionen und Produkte.","breadcrumb":{"@id":"https:\/\/niroxx.io\/de\/impressum-niroxx-engineering\/#breadcrumb"},"inLanguage":"de","potentialAction":[{"@type":"ReadAction","target":["https:\/\/niroxx.io\/de\/impressum-niroxx-engineering\/"]}]},{"@type":"BreadcrumbList","@id":"https:\/\/niroxx.io\/de\/impressum-niroxx-engineering\/#breadcrumb","itemListElement":[{"@type":"ListItem","position":1,"name":"Home","item":"https:\/\/niroxx.io\/de\/home\/"},{"@type":"ListItem","position":2,"name":"Impressum niroxx engineering"}]},{"@type":"WebSite","@id":"https:\/\/niroxx.io\/de\/#website","url":"https:\/\/niroxx.io\/de\/","name":"NIROXX Engineering - best interdisciplinary Mechanical Engineering Services","description":"NIROXX - Mechanical Engineering","publisher":{"@id":"https:\/\/niroxx.io\/de\/#organization"},"potentialAction":[{"@type":"SearchAction","target":{"@type":"EntryPoint","urlTemplate":"https:\/\/niroxx.io\/de\/?s={search_term_string}"},"query-input":{"@type":"PropertyValueSpecification","valueRequired":true,"valueName":"search_term_string"}}],"inLanguage":"de"},{"@type":"Organization","@id":"https:\/\/niroxx.io\/de\/#organization","name":"NIROXX Engineering - best interdisciplinary Mechanical Engineering Services","url":"https:\/\/niroxx.io\/de\/","logo":{"@type":"ImageObject","inLanguage":"de","@id":"https:\/\/niroxx.io\/de\/#\/schema\/logo\/image\/","url":"https:\/\/niroxx.io\/wp-content\/uploads\/2024\/09\/niroxx-engineering-logo-325x200-grau.png","contentUrl":"https:\/\/niroxx.io\/wp-content\/uploads\/2024\/09\/niroxx-engineering-logo-325x200-grau.png","width":325,"height":200,"caption":"NIROXX Engineering - best interdisciplinary Mechanical Engineering Services"},"image":{"@id":"https:\/\/niroxx.io\/de\/#\/schema\/logo\/image\/"}}]}},"jetpack_sharing_enabled":true,"_links":{"self":[{"href":"https:\/\/niroxx.io\/de\/wp-json\/wp\/v2\/pages\/9586","targetHints":{"allow":["GET"]}}],"collection":[{"href":"https:\/\/niroxx.io\/de\/wp-json\/wp\/v2\/pages"}],"about":[{"href":"https:\/\/niroxx.io\/de\/wp-json\/wp\/v2\/types\/page"}],"author":[{"embeddable":true,"href":"https:\/\/niroxx.io\/de\/wp-json\/wp\/v2\/users\/1"}],"replies":[{"embeddable":true,"href":"https:\/\/niroxx.io\/de\/wp-json\/wp\/v2\/comments?post=9586"}],"version-history":[{"count":2,"href":"https:\/\/niroxx.io\/de\/wp-json\/wp\/v2\/pages\/9586\/revisions"}],"predecessor-version":[{"id":9591,"href":"https:\/\/niroxx.io\/de\/wp-json\/wp\/v2\/pages\/9586\/revisions\/9591"}],"wp:attachment":[{"href":"https:\/\/niroxx.io\/de\/wp-json\/wp\/v2\/media?parent=9586"}],"curies":[{"name":"wp","href":"https:\/\/api.w.org\/{rel}","templated":true}]}}